{"id":3681,"date":"2023-09-15T15:23:34","date_gmt":"2023-09-15T12:23:34","guid":{"rendered":"https:\/\/shell.petropoulos.com\/catalog\/?post_type=product&#038;p=3681"},"modified":"2026-02-16T15:31:29","modified_gmt":"2026-02-16T13:31:29","slug":"premium-antifreeze-774d-f-ready-to-use","status":"publish","type":"product","link":"https:\/\/shell.petropoulos.com\/catalog\/product\/premium-antifreeze-774d-f-ready-to-use\/","title":{"rendered":"PREMIUM ANTIFREEZE 774D-F READY TO USE"},"content":{"rendered":"<p>\u03a5\u03c8\u03b7\u03bb\u03ae\u03c2 \u03b1\u03c0\u03cc\u03b4\u03bf\u03c3\u03b7\u03c2 \u03ad\u03c4\u03bf\u03b9\u03bc\u03bf \u03c0\u03c1\u03bf\u03c2 \u03c7\u03c1\u03ae\u03c3\u03b7 \u03b1\u03bd\u03c4\u03b9\u03c8\u03c5\u03ba\u03c4\u03b9\u03ba\u03cc \u03c5\u03b3\u03c1\u03cc \u03ba\u03b9\u03bd\u03b7\u03c4\u03ae\u03c1\u03c9\u03bd \u03bc\u03b5 \u03b2\u03ac\u03c3\u03b7 \u03c4\u03b7\u03bd \u03b1\u03b9\u03b8\u03c5\u03bb\u03b5\u03bd\u03bf\u03b3\u03bb\u03c5\u03ba\u03cc\u03bb\u03b7. \u0392\u03b1\u03c3\u03b9\u03c3\u03bc\u03ad\u03bd\u03bf \u03c3\u03b5 \u03c4\u03b5\u03c7\u03bd\u03bf\u03bb\u03bf\u03b3\u03af\u03b1 \u03bf\u03c1\u03b3\u03b1\u03bd\u03b9\u03ba\u03ce\u03bd \u03b1\u03bd\u03b1\u03c3\u03c4\u03bf\u03bb\u03ad\u03c9\u03bd \u03b4\u03b9\u03ac\u03b2\u03c1\u03c9\u03c3\u03b7\u03c2 (OAT) \u03c7\u03c9\u03c1\u03af\u03c2 \u03bd\u03b9\u03c4\u03c1\u03ce\u03b4\u03b7, \u03b1\u03bc\u03af\u03bd\u03b5\u03c2 \u03ba\u03b1\u03b9 \u03c6\u03c9\u03c3\u03c6\u03bf\u03c1\u03b9\u03ba\u03ac \u03ac\u03bb\u03b1\u03c4\u03b1 (NAP-free) \u03ba\u03b1\u03b9 \u03c7\u03c9\u03c1\u03af\u03c2 \u03c0\u03c5\u03c1\u03b9\u03c4\u03b9\u03ba\u03ac \u03ba\u03b1\u03b9 \u03b2\u03bf\u03c1\u03b9\u03ba\u03ac \u03ac\u03bb\u03b1\u03c4\u03b1, \u03b5\u03be\u03b1\u03c3\u03c6\u03b1\u03bb\u03af\u03b6\u03b5\u03b9 \u03c0\u03c1\u03bf\u03c3\u03c4\u03b1\u03c3\u03af\u03b1 \u03c4\u03bf\u03c5 \u03c3\u03c5\u03c3\u03c4\u03ae\u03bc\u03b1\u03c4\u03bf\u03c2 \u03c8\u03cd\u03be\u03b7\u03c2 \u03b3\u03b9\u03b1 \u03bc\u03b5\u03b3\u03ac\u03bb\u03b1 \u03c7\u03c1\u03bf\u03bd\u03b9\u03ba\u03ac \u03b4\u03b9\u03b1\u03c3\u03c4\u03ae\u03bc\u03b1\u03c4\u03b1. \u03a0\u03c1\u03bf\u03c3\u03c6\u03ad\u03c1\u03b5\u03b9 \u03b5\u03be\u03b1\u03b9\u03c1\u03b5\u03c4\u03b9\u03ba\u03ae \u03c0\u03c1\u03bf\u03c3\u03c4\u03b1\u03c3\u03af\u03b1 \u03b1\u03c0\u03cc \u03c4\u03bf\u03bd \u03c0\u03ac\u03b3\u03bf (\u03ad\u03c9\u03c2 -40\u00b0C), \u03c4\u03b7 \u03b4\u03b9\u03ac\u03b2\u03c1\u03c9\u03c3\u03b7 \u03ba\u03b1\u03b9 \u03c4\u03b7\u03bd \u03c5\u03c0\u03b5\u03c1\u03b8\u03ad\u03c1\u03bc\u03b1\u03bd\u03c3\u03b7. \u039a\u03b1\u03c4\u03ac\u03bb\u03bb\u03b7\u03bb\u03bf \u03b3\u03b9\u03b1 \u03c3\u03c5\u03c3\u03c4\u03ae\u03bc\u03b1\u03c4\u03b1 \u03c8\u03cd\u03be\u03b7\u03c2 \u03ba\u03b9\u03bd\u03b7\u03c4\u03ae\u03c1\u03c9\u03bd \u03c0\u03bf\u03c5 \u03b5\u03af\u03bd\u03b1\u03b9 \u03ba\u03b1\u03c4\u03b1\u03c3\u03ba\u03b5\u03c5\u03b1\u03c3\u03bc\u03ad\u03bd\u03bf\u03b9 \u03b1\u03c0\u03cc \u03c3\u03af\u03b4\u03b7\u03c1\u03bf \u03ae \u03b1\u03bb\u03bf\u03c5\u03bc\u03af\u03bd\u03b9\u03bf. \u03a0\u03bb\u03b7\u03c1\u03bf\u03af \u03c4\u03b9\u03c2 \u03b1\u03c0\u03b1\u03b9\u03c4\u03ae\u03c3\u03b5\u03b9\u03c2 \u03c4\u03c9\u03bd \u03c0\u03c1\u03bf\u03c4\u03cd\u03c0\u03c9\u03bd: PN-C-40007, ASTM D3306, ASTM D4656, ASTM D4985, ASTM D6210, BS 6580, NFR 15-601, FVV Heft R443, JIS K2234, KS M 2142, BT-PS-606 A, DCSEA 615\/C, E\/L-1415b, FSD 8704, NATO S-759, \u00d6norm V5123, SAE J1034, UNE 26-361-88\/1<\/p>\n<p>\u03a0\u03bb\u03b7\u03c1\u03bf\u03af \u03c4\u03b9\u03c2 \u03c0\u03c1\u03bf\u03b4\u03b9\u03b1\u03b3\u03c1\u03b1\u03c6\u03ad\u03c2 \u03ba\u03b1\u03c4\u03b1\u03c3\u03ba\u03b5\u03c5\u03b1\u03c3\u03c4\u03ce\u03bd: <span class=\"selection-contrast\">ADE, AGCO -Fendt (engines of MAN and Deutz), AGCO -Valtra, Aston Martin, BAIC Group -Foton Q-FPT 2313005-2013, BYD Company &#8211; BYD, CNH Industrial &#8211; MAT3624, MAT3724, Caterpillar: GCM34, MAK, MWM 0199-99-2091\/12, Claas, Cummins: IS series u N14 (engines: Leyland and DAF trucks), CES 14603, CES 14439, Daimler: MB 325.3, MB 326.3, Detroit DFS93K217 (Detroit Diesel \u2013 engine series 50 and i 60), Deutz DQC CB-14, DRB-HICOM &#8211; Proton, Frendt, Fiat &#8211; 9.55523, Lancia \u2013 Fiat 9.55523, Ford WSS &#8211; M97B44-D, GM \u2013 Chevrolet\/Buick\/Cadillac\/GMC GMW 3420, Saab B 040 1065, Saturn, Great Wall Motor Co Ltd. &#8211; Great Wall, Hitachi, Innio Jenbacher TA 1000-0200, Innio, Waukesha, Isuzu, Irisbus -Karosa, John Deere JDM H5, Kobelco, Komatsu 07.892 (2009), Liebherr MD1-36-130, Mahle Behr, Mazda MEZ MN 121 D (model 121ZQ), Mitsubishi Heavy Industry (MHI), Paccar: DAF 74002, Leyland Trucks DW03245403 (DAF trucks F54 \/ F55), PSA: Opel GM GMW 3420, Vauxhall GMW 3420, Renault-Nissan &#8211; Renault RNUR 41-01-001\/&#8211;S Type D, Rolls Royce Power Systems AG: MTU MTL 5048, Bergen Engines 2.13.01, Suzuki &#8211; Santana Motors, Tata Motors &#8211; Jaguar: CMR 8229, STJLR 651.5003, Tata Motors &#8211; Land Rover, Land Rover STJLR 651.5003, Tedom, Thermo King, Van Hool, Volvo AB: Mack 014 GS 17009, Volvo Penta, Renault Trucks 41-01-001\/&#8211;S Type D, Volvo Construction, Volvo Trucks, VCS 418-0001, VW Audi TL-774D <\/span><span class=\"\">(G12)<\/span> <strong>\/<\/strong><span class=\"selection-contrast\"> 774 F <\/span><span class=\"\">(G12+)<\/span><span class=\"selection-contrast\">, MAN: 324 Typ SNF &#8211; aproval, Energy Solutions, Energy Solutions CW MAN 175D, B&amp;W AG D36 5600, B&amp;W A\/S, VW Seat TL-774D <\/span><span class=\"\">(G12)<\/span> <strong>\/<\/strong><span class=\"selection-contrast\"> 774F <\/span><span class=\"\">(G12+)<\/span><span class=\"selection-contrast\">, VW Semt Pielstick, VW Skoda: TL-774D <\/span><span class=\"\">(G12)<\/span> <strong>\/<\/strong><span class=\"selection-contrast\"> 774F <\/span><span class=\"\">(G12+)<\/span><span class=\"selection-contrast\">, 61-0-0257, VW &#8211; VW TL-774D <\/span><span class=\"\">(G12)<\/span> <strong>\/<\/strong><span class=\"selection-contrast\"> 774F <\/span><span class=\"\">(G12+) <\/span><span class=\"selection-contrast\">&#8211; approval, W\u00e4rtsil\u00e4 &#8211; SACM Diesel DLP799861, W\u00e4rtsil\u00e4 \u2013 W\u00e4rtsil\u00e4 32-9011, Yanmar<\/span><\/p>\n","protected":false},"excerpt":{"rendered":"<p>\u03a5\u03c8\u03b7\u03bb\u03ae\u03c2 \u03b1\u03c0\u03cc\u03b4\u03bf\u03c3\u03b7\u03c2 \u03ad\u03c4\u03bf\u03b9\u03bc\u03bf \u03c0\u03c1\u03bf\u03c2 \u03c7\u03c1\u03ae\u03c3\u03b7 \u03b1\u03bd\u03c4\u03b9\u03c8\u03c5\u03ba\u03c4\u03b9\u03ba\u03cc \u03c5\u03b3\u03c1\u03cc \u03ba\u03b9\u03bd\u03b7\u03c4\u03ae\u03c1\u03c9\u03bd \u03bc\u03b5 \u03b2\u03ac\u03c3\u03b7 \u03c4\u03b7\u03bd \u03b1\u03b9\u03b8\u03c5\u03bb\u03b5\u03bd\u03bf\u03b3\u03bb\u03c5\u03ba\u03cc\u03bb\u03b7. \u0392\u03b1\u03c3\u03b9\u03c3\u03bc\u03ad\u03bd\u03bf \u03c3\u03b5 \u03c4\u03b5\u03c7\u03bd\u03bf\u03bb\u03bf\u03b3\u03af\u03b1 \u03bf\u03c1\u03b3\u03b1\u03bd\u03b9\u03ba\u03ce\u03bd \u03b1\u03bd\u03b1\u03c3\u03c4\u03bf\u03bb\u03ad\u03c9\u03bd \u03b4\u03b9\u03ac\u03b2\u03c1\u03c9\u03c3\u03b7\u03c2 (OAT) \u03c7\u03c9\u03c1\u03af\u03c2 \u03bd\u03b9\u03c4\u03c1\u03ce\u03b4\u03b7, \u03b1\u03bc\u03af\u03bd\u03b5\u03c2 \u03ba\u03b1\u03b9 \u03c6\u03c9\u03c3\u03c6\u03bf\u03c1\u03b9\u03ba\u03ac \u03ac\u03bb\u03b1\u03c4\u03b1 (NAP-free) \u03ba\u03b1\u03b9 \u03c7\u03c9\u03c1\u03af\u03c2 \u03c0\u03c5\u03c1\u03b9\u03c4\u03b9\u03ba\u03ac \u03ba\u03b1\u03b9 \u03b2\u03bf\u03c1\u03b9\u03ba\u03ac \u03ac\u03bb\u03b1\u03c4\u03b1, \u03b5\u03be\u03b1\u03c3\u03c6\u03b1\u03bb\u03af\u03b6\u03b5\u03b9 \u03c0\u03c1\u03bf\u03c3\u03c4\u03b1\u03c3\u03af\u03b1 \u03c4\u03bf\u03c5 \u03c3\u03c5\u03c3\u03c4\u03ae\u03bc\u03b1\u03c4\u03bf\u03c2 \u03c8\u03cd\u03be\u03b7\u03c2 \u03b3\u03b9\u03b1 \u03bc\u03b5\u03b3\u03ac\u03bb\u03b1 \u03c7\u03c1\u03bf\u03bd\u03b9\u03ba\u03ac \u03b4\u03b9\u03b1\u03c3\u03c4\u03ae\u03bc\u03b1\u03c4\u03b1. \u03a0\u03c1\u03bf\u03c3\u03c6\u03ad\u03c1\u03b5\u03b9 \u03b5\u03be\u03b1\u03b9\u03c1\u03b5\u03c4\u03b9\u03ba\u03ae \u03c0\u03c1\u03bf\u03c3\u03c4\u03b1\u03c3\u03af\u03b1 \u03b1\u03c0\u03cc \u03c4\u03bf\u03bd \u03c0\u03ac\u03b3\u03bf (\u03ad\u03c9\u03c2 -40\u00b0C), \u03c4\u03b7 \u03b4\u03b9\u03ac\u03b2\u03c1\u03c9\u03c3\u03b7 \u03ba\u03b1\u03b9 \u03c4\u03b7\u03bd \u03c5\u03c0\u03b5\u03c1\u03b8\u03ad\u03c1\u03bc\u03b1\u03bd\u03c3\u03b7. \u039a\u03b1\u03c4\u03ac\u03bb\u03bb\u03b7\u03bb\u03bf \u03b3\u03b9\u03b1 \u03c3\u03c5\u03c3\u03c4\u03ae\u03bc\u03b1\u03c4\u03b1 \u03c8\u03cd\u03be\u03b7\u03c2 \u03ba\u03b9\u03bd\u03b7\u03c4\u03ae\u03c1\u03c9\u03bd \u03c0\u03bf\u03c5 \u03b5\u03af\u03bd\u03b1\u03b9 \u03ba\u03b1\u03c4\u03b1\u03c3\u03ba\u03b5\u03c5\u03b1\u03c3\u03bc\u03ad\u03bd\u03bf\u03b9 \u03b1\u03c0\u03cc \u03c3\u03af\u03b4\u03b7\u03c1\u03bf \u03ae \u03b1\u03bb\u03bf\u03c5\u03bc\u03af\u03bd\u03b9\u03bf.<\/p>\n","protected":false},"featured_media":3688,"template":"","meta":{"_acf_changed":false,"_eb_attr":""},"product_cat":[55,1000000047,60],"product_tag":[],"class_list":{"0":"post-3681","1":"product","2":"type-product","3":"status-publish","4":"has-post-thumbnail","6":"product_cat-shell","7":"product_cat-1000000047","8":"product_cat-60","9":"product_technology-1000000035","10":"product_brand-shell","12":"first","13":"instock","14":"taxable","15":"shipping-taxable","16":"purchasable","17":"product-type-variable","18":"has-default-attributes"},"acf":[],"_links":{"self":[{"href":"https:\/\/shell.petropoulos.com\/catalog\/wp-json\/wp\/v2\/product\/3681"}],"collection":[{"href":"https:\/\/shell.petropoulos.com\/catalog\/wp-json\/wp\/v2\/product"}],"about":[{"href":"https:\/\/shell.petropoulos.com\/catalog\/wp-json\/wp\/v2\/types\/product"}],"wp:featuredmedia":[{"embeddable":true,"href":"https:\/\/shell.petropoulos.com\/catalog\/wp-json\/wp\/v2\/media\/3688"}],"wp:attachment":[{"href":"https:\/\/shell.petropoulos.com\/catalog\/wp-json\/wp\/v2\/media?parent=3681"}],"wp:term":[{"taxonomy":"product_cat","embeddable":true,"href":"https:\/\/shell.petropoulos.com\/catalog\/wp-json\/wp\/v2\/product_cat?post=3681"},{"taxonomy":"product_tag","embeddable":true,"href":"https:\/\/shell.petropoulos.com\/catalog\/wp-json\/wp\/v2\/product_tag?post=3681"}],"curies":[{"name":"wp","href":"https:\/\/api.w.org\/{rel}","templated":true}]}}